{"id":3,"date":"2022-07-04T16:46:10","date_gmt":"2022-07-04T16:46:10","guid":{"rendered":"http:\/\/calisnacional.com\/?page_id=3"},"modified":"2022-07-06T21:08:30","modified_gmt":"2022-07-06T21:08:30","slug":"privacy-policy","status":"publish","type":"page","link":"https:\/\/calisnacional.com\/?page_id=3","title":{"rendered":"Pol\u00edtica de privacidad"},"content":{"rendered":"\n<p>Los datos que sean solicitados, como nombre, correo electr\u00f3nico, tel\u00e9fono fijo\/celular, direcci\u00f3n, ciudad, nombre de la mascota -edad, sexo, raza, conducta, (en lo sucesivo \u201cLOS DATOS\u201d) por parte de \u201cCALIS\u201d, ser\u00e1n usados, tratados y protegidos de acuerdo a lo establecido por la Ley Federal de Protecci\u00f3n de Datos Personales en Posesi\u00f3n de particulares y su Reglamento.<\/p>\n\n\n\n<p><strong>CALIS<\/strong> es sitio que brinda servicios de especialidades m\u00e9dicas y la informaci\u00f3n personal aqu\u00ed solicitada es de car\u00e1cter confidencial.<\/p>\n\n\n\n<p>La confidencialidad de \u201cLOS DATOS\u201d, est\u00e1n garantizada y los mismos est\u00e1n protegidos por medidas de seguridad administrativa, para evitar su da\u00f1o, p\u00e9rdida, mal uso, acceso no autorizado, alteraci\u00f3n, destrucci\u00f3n o divulgaci\u00f3n indebida. Solo personas autorizadas tendr\u00e1n acceso a sus Datos.<\/p>\n\n\n\n<p>\u201cLOS DATOS\u201d podr\u00e1n ser proporcionados a terceros \u00fanicamente y estrictamente en los casos previstos en la Ley Federal de Protecci\u00f3n de Datos Personales en Posesi\u00f3n de Particulares seg\u00fan lo establecido en el Art\u00edculo 37 de la citada Ley.<\/p>\n\n\n\n<p>\u00bfPara qu\u00e9 se utilizan \u201cLOS DATOS\u201d? Para proveer servicios y productos de \u201c<strong>CALIS<\/strong>\u201d, mandar promociones y ofertas, informar actividades talleres, conferencias, clases, informar de cambios y nuevos servicios.<\/p>\n\n\n\n<p>En caso de que no desee recibir mensajes promocionales de nuestra parte, puede enviarnos su solicitud por medio de la direcci\u00f3n electr\u00f3nica: contacto@calisnacional.com.<\/p>\n\n\n\n<p>Importante: Cualquier modificaci\u00f3n a este Aviso de Privacidad podr\u00e1 consultarlo en<a href=\"https:\/\/cortaestanciapolanco.com\/privacy-policy\/\"> <\/a><a href=\"https:\/\/cortaestanciapolanco.com\/privacy-policy\/\" title=\"https:\/\/calisnacional\/privacy-policy\/\">https:\/\/calisnacional\/privacy-policy\/<\/a><\/p>\n\n\n\n<p><strong>CALIS<\/strong>\u00a0 se compromete a respetar la privacidad de los usuarios, que acceden a su p\u00e1gina de internet <a href=\"https:\/\/cortaestanciapolanco.com\/\">https:\/\/calisnacional.com\/<\/a>, Facebook, twitter, Youtube, o cuestionarios directos.<\/p>\n\n\n\n<p><strong>CALIS<\/strong>\u00a0 no comercializar\u00e1 con la informaci\u00f3n recabada. Si usted no acepta los t\u00e9rminos y condiciones de nuestra Pol\u00edtica de Privacidad, le pedimos que no d\u00e9 ning\u00fan tipo de informaci\u00f3n para \u201cLOS DATOS\u201d.<\/p>\n\n\n\n<p><strong>CALIS<\/strong> puede contener links hacia sitios web,\u00a0 por ello no es responsable de las pol\u00edticas o el contenido de esos sitios web. <strong>CALIS<\/strong> no es responsable de ninguna acci\u00f3n o contenido de ning\u00fan sitio que no sea al que representa.<\/p>\n\n\n\n<p><strong>CCALIS<\/strong> utiliza cookies propias y de terceros para ofrecerle una mejor calidad de nuestros servicios; si continua navegando en este sitio web lo consideramos como una aceptaci\u00f3n del uso de Cookies. En caso de requerirlo podr\u00e1 en cualquier momento borrar las cookies almacenadas en su equipo a trav\u00e9s de los ajustes y configuraciones de su navegador de Internet.<\/p>\n","protected":false},"excerpt":{"rendered":"<p>Los datos que sean solicitados, como nombre, correo electr\u00f3nico, tel\u00e9fono fijo\/celular, direcci\u00f3n, ciudad, nombre de la mascota -edad, sexo, raza, conducta, (en lo sucesivo \u201cLOS DATOS\u201d) por parte de \u201cCALIS\u201d,<\/p>\n","protected":false},"author":2,"featured_media":0,"parent":0,"menu_order":0,"comment_status":"closed","ping_status":"open","template":"","meta":{"_monsterinsights_skip_tracking":false,"_monsterinsights_sitenote_active":false,"_monsterinsights_sitenote_note":"","_monsterinsights_sitenote_category":0,"footnotes":""},"class_list":{"1":"page","2":"type-page","3":"status-publish","4":"hentry"},"aioseo_notices":[],"_links":{"self":[{"href":"https:\/\/calisnacional.com\/index.php?rest_route=\/wp\/v2\/pages\/3","targetHints":{"allow":["GET"]}}],"collection":[{"href":"https:\/\/calisnacional.com\/index.php?rest_route=\/wp\/v2\/pages"}],"about":[{"href":"https:\/\/calisnacional.com\/index.php?rest_route=\/wp\/v2\/types\/page"}],"author":[{"embeddable":true,"href":"https:\/\/calisnacional.com\/index.php?rest_route=\/wp\/v2\/users\/2"}],"replies":[{"embeddable":true,"href":"https:\/\/calisnacional.com\/index.php?rest_route=%2Fwp%2Fv2%2Fcomments&post=3"}],"version-history":[{"count":1,"href":"https:\/\/calisnacional.com\/index.php?rest_route=\/wp\/v2\/pages\/3\/revisions"}],"predecessor-version":[{"id":25805,"href":"https:\/\/calisnacional.com\/index.php?rest_route=\/wp\/v2\/pages\/3\/revisions\/25805"}],"wp:attachment":[{"href":"https:\/\/calisnacional.com\/index.php?rest_route=%2Fwp%2Fv2%2Fmedia&parent=3"}],"curies":[{"name":"wp","href":"https:\/\/api.w.org\/{rel}","templated":true}]}}